{"id":627,"date":"2026-04-29T20:37:19","date_gmt":"2026-04-29T19:37:19","guid":{"rendered":"https:\/\/www.rosendahl.biz\/?page_id=627"},"modified":"2026-04-29T20:37:19","modified_gmt":"2026-04-29T19:37:19","slug":"fuer-sportler","status":"publish","type":"page","link":"https:\/\/www.rosendahl.biz\/?page_id=627","title":{"rendered":"F\u00fcr Sportler"},"content":{"rendered":"\n<h2 class=\"wp-block-heading\">Maximale Performance &amp; Schnelle Regeneration: Dein K\u00f6rper als Hochleistungsmotor<\/h2>\n\n\n\n<p>Wer sportlich aktiv ist, verlangt seinem K\u00f6rper einiges ab. Egal ob Kraftsport, Ausdauer oder intensiver Breitensport: Dein K\u00f6rper funktioniert wie ein Hochleistungsmotor. Und dieser Motor braucht nicht nur Treibstoff (Kalorien), sondern vor allem die richtigen <strong>Baustoffe<\/strong> und <strong>Z\u00fcndstoffe<\/strong>, um Leistung zu bringen und nach der Belastung wieder schnell fit zu sein.<\/p>\n\n\n\n<h3 class=\"wp-block-heading\">Warum Vitalstoffe und Aminos\u00e4uren den Unterschied machen<\/h3>\n\n\n\n<ul class=\"wp-block-list\">\n<li><strong>Muskelmanagement &amp; Erhalt:<\/strong> Aminos\u00e4uren sind die Bausteine deiner Muskulatur. Eine ausreichende Versorgung ist essenziell, um das Muskelgewebe nach intensiven Einheiten zu unterst\u00fctzen und den Erhalt der m\u00fchsam aufgebauten Muskelmasse zu sichern.<\/li>\n\n\n\n<li><strong>Auff\u00fcllen der Reserven:<\/strong> W\u00e4hrend des Sports verbrauchst du wertvolle Mikron\u00e4hrstoffe (Vitamine und Mineralien). Wer seine Speicher direkt wieder auff\u00fcllt, beugt vorzeitiger Erm\u00fcdung vor und bleibt im Training leistungsf\u00e4hig.<\/li>\n\n\n\n<li><strong>Regeneration f\u00f6rdern:<\/strong> Regeneration ist die Phase, in der du st\u00e4rker wirst. Eine gezielte N\u00e4hrstoffzufuhr hilft deinem K\u00f6rper, die Reparaturprozesse effizient zu gestalten und die \u201eAkku-Ladezeit\u201c zu verk\u00fcrzen.<\/li>\n<\/ul>\n\n\n\n<h3 class=\"wp-block-heading\">Sicherheit, die z\u00e4hlt: Die K\u00f6lner Liste\u00ae und Informed Sport<\/h3>\n\n\n\n<p>Gerade f\u00fcr Sportler ist Vertrauen in die Reinheit der Produkte das A und O. Unsere Sportserie erf\u00fcllt h\u00f6chste Qualit\u00e4tsstandards:<\/p>\n\n\n\n<ul class=\"wp-block-list\">\n<li><strong>Gepr\u00fcfte Sicherheit:<\/strong> Die Produkte sind auf der <strong>K\u00f6lner Liste\u00ae<\/strong> gelistet oder tragen das <strong>Informed Sport-Siegel<\/strong>.<\/li>\n\n\n\n<li><strong>Sauberer Sport:<\/strong> Das bedeutet f\u00fcr dich maximale Transparenz und die Sicherheit, dass die Produkte auf Dopingsubstanzen gepr\u00fcft sind. Profis und Amateure k\u00f6nnen sich hier voll und ganz auf die Reinheit verlassen.<\/li>\n<\/ul>\n\n\n\n<h3 class=\"wp-block-heading\">Vegan, Hochwertig, Effektiv: Die Details im Interview<\/h3>\n\n\n\n<p>Du m\u00f6chtest wissen, was unsere <strong>vegane Sportserie<\/strong> so besonders macht? Wir haben die wichtigsten Fakten und Hintergr\u00fcnde in einem exklusiven Interview zusammengefasst. Hier erf\u00e4hrst du alles \u00fcber die spezielle Zusammensetzung und wie du die Produkte optimal in deinen Trainingsplan integrierst.<\/p>\n\n\n\n<p><strong><a href=\"https:\/\/wa.me\/+4915730685214\">[Jetzt das Experten-Interview per Nachricht anfordern]<\/a><\/strong><\/p>\n\n\n\n<hr class=\"wp-block-separator has-alpha-channel-opacity\"\/>\n\n\n\n<h3 class=\"wp-block-heading\">Hol dir das Upgrade f\u00fcr dein Training:<\/h3>\n\n\n\n<p>Entdecke unsere speziell entwickelte Serie f\u00fcr Athleten und alle, die es werden wollen. Vegan, sicher und effektiv.<\/p>\n\n\n\n<p><strong><a href=\"https:\/\/ww1.lifeplus.com\/sh4we8\/m\/de\/de\/web-page\/products?theme=besports\">[Hier geht es direkt zur Sportserie im Shop]<\/a><\/strong><\/p>\n\n\n\n<p><\/p>\n","protected":false},"excerpt":{"rendered":"<p>Maximale Performance &amp; Schnelle Regeneration: Dein K\u00f6rper als Hochleistungsmotor Wer sportlich aktiv ist, verlangt seinem K\u00f6rper einiges ab. Egal ob Kraftsport, Ausdauer oder intensiver Breitensport: Dein K\u00f6rper funktioniert wie ein Hochleistungsmotor. Und dieser Motor braucht nicht nur Treibstoff (Kalorien), sondern vor allem die richtigen Baustoffe und Z\u00fcndstoffe, um Leistung zu bringen und nach der Belastung &hellip; <\/p>\n","protected":false},"author":1,"featured_media":0,"parent":0,"menu_order":0,"comment_status":"closed","ping_status":"closed","template":"","meta":{"pgc_sgb_lightbox_settings":"","footnotes":""},"class_list":["post-627","page","type-page","status-publish","hentry"],"_links":{"self":[{"href":"https:\/\/www.rosendahl.biz\/index.php?rest_route=\/wp\/v2\/pages\/627","targetHints":{"allow":["GET"]}}],"collection":[{"href":"https:\/\/www.rosendahl.biz\/index.php?rest_route=\/wp\/v2\/pages"}],"about":[{"href":"https:\/\/www.rosendahl.biz\/index.php?rest_route=\/wp\/v2\/types\/page"}],"author":[{"embeddable":true,"href":"https:\/\/www.rosendahl.biz\/index.php?rest_route=\/wp\/v2\/users\/1"}],"replies":[{"embeddable":true,"href":"https:\/\/www.rosendahl.biz\/index.php?rest_route=%2Fwp%2Fv2%2Fcomments&post=627"}],"version-history":[{"count":1,"href":"https:\/\/www.rosendahl.biz\/index.php?rest_route=\/wp\/v2\/pages\/627\/revisions"}],"predecessor-version":[{"id":628,"href":"https:\/\/www.rosendahl.biz\/index.php?rest_route=\/wp\/v2\/pages\/627\/revisions\/628"}],"wp:attachment":[{"href":"https:\/\/www.rosendahl.biz\/index.php?rest_route=%2Fwp%2Fv2%2Fmedia&parent=627"}],"curies":[{"name":"wp","href":"https:\/\/api.w.org\/{rel}","templated":true}]}}