{"id":624,"date":"2026-04-29T20:29:19","date_gmt":"2026-04-29T19:29:19","guid":{"rendered":"https:\/\/www.rosendahl.biz\/?page_id=624"},"modified":"2026-04-29T20:29:19","modified_gmt":"2026-04-29T19:29:19","slug":"gesundheit-ohne-viel-gerede","status":"publish","type":"page","link":"https:\/\/www.rosendahl.biz\/?page_id=624","title":{"rendered":"Gesundheit ohne viel Gerede"},"content":{"rendered":"\n<h2 class=\"wp-block-heading\">Dein Schnelleinstieg<\/h2>\n\n\n\n<p>Du hast keine Lust auf lange Fachvortr\u00e4ge, keine Zeit f\u00fcr komplizierte Gesundheitsanalysen und eigentlich ist bei dir auch alles \u201eokay\u201c? Du willst einfach nur wissen, dass dein K\u00f6rper alles hat, was er braucht, um genau so weiterzumachen?<\/p>\n\n\n\n<p><strong>Verst\u00e4ndlich. Deshalb machen wir es kurz.<\/strong><\/p>\n\n\n\n<p>Statt dich durch hunderte Einzelprodukte zu klicken, haben wir die optimale Grundversorgung bereits f\u00fcr dich zusammengestellt. Such dir einfach die passende Gr\u00f6\u00dfe f\u00fcr dein Budget und deinen Alltag aus \u2013 fertig. Kein Suchen, kein Vergleichen, kein Stress.<\/p>\n\n\n\n<h3 class=\"wp-block-heading\">W\u00e4hl dein Paket und leg los:<\/h3>\n\n\n\n<ul class=\"wp-block-list\">\n<li><strong><a href=\"https:\/\/ww1.lifeplus.com\/sh4we8\/m\/de\/de\/product-details\/5516\/everyday-wellbeing-de\">[Paket S \u2013 Die Basis]<\/a><\/strong> <em>Der unkomplizierte Einstieg. Alles drin f\u00fcr die t\u00e4gliche Grundabsicherung.<\/em><\/li>\n\n\n\n<li><strong><a href=\"https:\/\/ww1.lifeplus.com\/sh4we8\/m\/de\/de\/product-details\/5692\/everyday-wellbeing-gold-de\">[Paket M \u2013 Das Rundum-Sorglos-Upgrade]<\/a><\/strong> <em>Unsere Empfehlung f\u00fcr alle, die ein bisschen mehr wollen, ohne Zeit zu investieren.<\/em><\/li>\n\n\n\n<li><strong><a href=\"https:\/\/ww1.lifeplus.com\/sh4we8\/m\/de\/de\/product-details\/5688\/maintain-%26-protect-100-gold-de\">[Paket L \u2013 Das Premium-Paket]<\/a><\/strong> <em>Volle Kraft voraus. Die Maximall\u00f6sung f\u00fcr dein Wohlbefinden, perfekt aufeinander abgestimmt.<\/em><\/li>\n<\/ul>\n\n\n\n<p><strong>Kein \u201eWarum\u201c, kein \u201eWie\u201c, sondern einfach \u201eErledigt\u201c.<\/strong><\/p>\n\n\n\n<p>Klick auf dein Paket, schau dich kurz im Shop um und g\u00f6nn deinem K\u00f6rper das Update, w\u00e4hrend du dich wieder den wichtigen Dingen in deinem Leben widmest. F\u00fcr die richtige Dosierung oder Fragen darfst du dich jederzeit melden. <\/p>\n\n\n\n<p>Andere Pakete oder spezielle Produktformen kannst du auf der Seite ebenfalls filtern. Suchst du etwas Spezielles? Melde dich und ich helfe dir gerne weiter.<\/p>\n\n\n\n<p><a href=\"https:\/\/wa.me\/+4915730685214\">Jetzt per Whatsapp anfragen<\/a><\/p>\n\n\n\n<p>oder schreibe mir eine mail: monika@rosendahl.biz<\/p>\n","protected":false},"excerpt":{"rendered":"<p>Dein Schnelleinstieg Du hast keine Lust auf lange Fachvortr\u00e4ge, keine Zeit f\u00fcr komplizierte Gesundheitsanalysen und eigentlich ist bei dir auch alles \u201eokay\u201c? Du willst einfach nur wissen, dass dein K\u00f6rper alles hat, was er braucht, um genau so weiterzumachen? Verst\u00e4ndlich. Deshalb machen wir es kurz. Statt dich durch hunderte Einzelprodukte zu klicken, haben wir die &hellip; <\/p>\n","protected":false},"author":1,"featured_media":0,"parent":0,"menu_order":0,"comment_status":"closed","ping_status":"closed","template":"","meta":{"pgc_sgb_lightbox_settings":"","footnotes":""},"class_list":["post-624","page","type-page","status-publish","hentry"],"_links":{"self":[{"href":"https:\/\/www.rosendahl.biz\/index.php?rest_route=\/wp\/v2\/pages\/624","targetHints":{"allow":["GET"]}}],"collection":[{"href":"https:\/\/www.rosendahl.biz\/index.php?rest_route=\/wp\/v2\/pages"}],"about":[{"href":"https:\/\/www.rosendahl.biz\/index.php?rest_route=\/wp\/v2\/types\/page"}],"author":[{"embeddable":true,"href":"https:\/\/www.rosendahl.biz\/index.php?rest_route=\/wp\/v2\/users\/1"}],"replies":[{"embeddable":true,"href":"https:\/\/www.rosendahl.biz\/index.php?rest_route=%2Fwp%2Fv2%2Fcomments&post=624"}],"version-history":[{"count":1,"href":"https:\/\/www.rosendahl.biz\/index.php?rest_route=\/wp\/v2\/pages\/624\/revisions"}],"predecessor-version":[{"id":625,"href":"https:\/\/www.rosendahl.biz\/index.php?rest_route=\/wp\/v2\/pages\/624\/revisions\/625"}],"wp:attachment":[{"href":"https:\/\/www.rosendahl.biz\/index.php?rest_route=%2Fwp%2Fv2%2Fmedia&parent=624"}],"curies":[{"name":"wp","href":"https:\/\/api.w.org\/{rel}","templated":true}]}}