{"id":613,"date":"2026-04-29T19:32:36","date_gmt":"2026-04-29T18:32:36","guid":{"rendered":"https:\/\/www.rosendahl.biz\/?page_id=613"},"modified":"2026-04-29T20:04:31","modified_gmt":"2026-04-29T19:04:31","slug":"dein-weg-zu-mehr-wohlbefinden","status":"publish","type":"page","link":"https:\/\/www.rosendahl.biz\/?page_id=613","title":{"rendered":"Dein Weg zu mehr Wohlbefinden"},"content":{"rendered":"\n<h2 class=\"wp-block-heading\">Lass uns gemeinsam schauen, was du brauchst<\/h2>\n\n\n\n<p>Jeder Mensch und jede gesundheitliche Situation ist einzigartig. Deshalb gibt es bei mir keine L\u00f6sungen \u201evon der Stange\u201c, sondern Konzepte, die wirklich zu deinem Leben und deinen Zielen passen.<\/p>\n\n\n\n<p><strong>So einfach finden wir die passende L\u00f6sung f\u00fcr dich:<\/strong><\/p>\n\n\n\n<p>Schreib mir dein Anliegen ganz unkompliziert per <strong>WhatsApp<\/strong> oder <strong>E-Mail<\/strong>. Erz\u00e4hl mir kurz, wo du gerade stehst, welche Herausforderungen dich besch\u00e4ftigen oder was du gerne erreichen m\u00f6chtest.<\/p>\n\n\n\n<ul class=\"wp-block-list\">\n<li><strong>Individuelle Empfehlung:<\/strong> Auf Basis deiner Infos stelle ich dir eine passende Produktkombination zusammen, die genau dort ansetzt, wo du Unterst\u00fctzung ben\u00f6tigst.<\/li>\n\n\n\n<li><strong>Direkte Infos:<\/strong> Ich schicke dir passende Links und weitere Details zu, damit du dich in Ruhe einlesen kannst.<\/li>\n\n\n\n<li><strong>Pers\u00f6nlicher Austausch:<\/strong> Manche Dinge lassen sich am besten direkt besprechen. Ein pers\u00f6nliches Gespr\u00e4ch ist nach vorheriger Terminabsprache nat\u00fcrlich jederzeit m\u00f6glich.<\/li>\n<\/ul>\n\n\n\n<p>Ich freue mich darauf, dich ein St\u00fcck auf deinem Weg zu mehr Vitalit\u00e4t und Eigenverantwortung zu begleiten!<\/p>\n\n\n\n<hr class=\"wp-block-separator has-alpha-channel-opacity\"\/>\n\n\n\n<h3 class=\"wp-block-heading\">Jetzt Button klicken und per Whats-App Kontakt aufnehmen:<\/h3>\n\n\n\n<div class=\"wp-block-buttons is-layout-flex wp-block-buttons-is-layout-flex\">\n<div class=\"wp-block-button\"><a class=\"wp-block-button__link wp-element-button\" href=\"https:\/\/wa.me\/+4915730685214?text=Jetzt%20auf%20Whatsapp%20chatten\">Jetzt auf Whatsapp chatten<\/a><\/div>\n<\/div>\n\n\n\n<p><strong>oder schreib mir eine E-mail: <\/strong><\/p>\n\n\n\n<p>monika@rosendahl.biz<\/p>\n\n\n\n<p><\/p>\n","protected":false},"excerpt":{"rendered":"<p>Lass uns gemeinsam schauen, was du brauchst Jeder Mensch und jede gesundheitliche Situation ist einzigartig. Deshalb gibt es bei mir keine L\u00f6sungen \u201evon der Stange\u201c, sondern Konzepte, die wirklich zu deinem Leben und deinen Zielen passen. So einfach finden wir die passende L\u00f6sung f\u00fcr dich: Schreib mir dein Anliegen ganz unkompliziert per WhatsApp oder E-Mail. &hellip; <\/p>\n","protected":false},"author":1,"featured_media":0,"parent":0,"menu_order":0,"comment_status":"closed","ping_status":"closed","template":"","meta":{"pgc_sgb_lightbox_settings":"","footnotes":""},"class_list":["post-613","page","type-page","status-publish","hentry"],"_links":{"self":[{"href":"https:\/\/www.rosendahl.biz\/index.php?rest_route=\/wp\/v2\/pages\/613","targetHints":{"allow":["GET"]}}],"collection":[{"href":"https:\/\/www.rosendahl.biz\/index.php?rest_route=\/wp\/v2\/pages"}],"about":[{"href":"https:\/\/www.rosendahl.biz\/index.php?rest_route=\/wp\/v2\/types\/page"}],"author":[{"embeddable":true,"href":"https:\/\/www.rosendahl.biz\/index.php?rest_route=\/wp\/v2\/users\/1"}],"replies":[{"embeddable":true,"href":"https:\/\/www.rosendahl.biz\/index.php?rest_route=%2Fwp%2Fv2%2Fcomments&post=613"}],"version-history":[{"count":3,"href":"https:\/\/www.rosendahl.biz\/index.php?rest_route=\/wp\/v2\/pages\/613\/revisions"}],"predecessor-version":[{"id":618,"href":"https:\/\/www.rosendahl.biz\/index.php?rest_route=\/wp\/v2\/pages\/613\/revisions\/618"}],"wp:attachment":[{"href":"https:\/\/www.rosendahl.biz\/index.php?rest_route=%2Fwp%2Fv2%2Fmedia&parent=613"}],"curies":[{"name":"wp","href":"https:\/\/api.w.org\/{rel}","templated":true}]}}