{"id":608,"date":"2026-04-29T19:21:56","date_gmt":"2026-04-29T18:21:56","guid":{"rendered":"https:\/\/www.rosendahl.biz\/?page_id=608"},"modified":"2026-04-30T17:43:33","modified_gmt":"2026-04-30T16:43:33","slug":"blog","status":"publish","type":"page","link":"https:\/\/www.rosendahl.biz\/?page_id=608","title":{"rendered":"Blog"},"content":{"rendered":"\n<p><strong>Warum nat\u00fcrliche Vitalstoffe heute entscheidend sind:<\/strong><\/p>\n\n\n\n<ul class=\"wp-block-list\">\n<li><strong>N\u00e4hrstoffarme B\u00f6den:<\/strong> Durch intensive Landwirtschaft enthalten Obst und Gem\u00fcse heute deutlich weniger Mikron\u00e4hrstoffe als noch vor 50 Jahren.<\/li>\n\n\n\n<li><strong>H\u00f6herer Bedarf:<\/strong> Stress, Umweltbelastungen und ein hektischer Alltag fungieren als \u201eVitalstoffr\u00e4uber\u201c und erh\u00f6hen den Bedarf des K\u00f6rpers massiv.<\/li>\n\n\n\n<li><strong>Bioverf\u00fcgbarkeit:<\/strong> Nat\u00fcrliche Stoffe besitzen eine h\u00f6here biologische Wertigkeit. Da sie in ihrem nat\u00fcrlichen Verbund (mit Enzymen und Co-Faktoren) bleiben, kann der K\u00f6rper sie besser erkennen und verwerten als isolierte Synthetik.<\/li>\n\n\n\n<li><strong>Verarbeitete Nahrung:<\/strong> Industrielle Lebensmittel liefern oft \u201eleere Kalorien\u201c \u2013 viel Energie, aber kaum essenzielle Vitalstoffe f\u00fcr die Zellfunktion.<\/li>\n<\/ul>\n\n\n\n<p><strong>Das Fazit:<\/strong> Um die L\u00fccke zwischen sinkender Lebensmittelqualit\u00e4t und steigenden Anforderungen zu schlie\u00dfen, sind bioverf\u00fcgbare N\u00e4hrstoffe heute die notwendige Basis f\u00fcr den Erhalt der Leistungsf\u00e4higkeit.<\/p>\n\n\n\n<p><strong>Wie lange dauert es, bis ich etwas von einer zus\u00e4tzlichen Versorgung mit Vitalstoffen etwas sp\u00fcre?<\/strong><\/p>\n\n\n\n<p>Das fragen sich tats\u00e4chliche sehr viele Menschen. Dr. Anja Lindblad <a href=\"http:\/\/www.rosendahl.biz\/wp-content\/uploads\/2026\/04\/WhatsApp-Video-2026-04-29-at-22.13.21.mp4\">antwortet<\/a>.<\/p>\n\n\n\n<p><\/p>\n\n\n\n<div id=\"soro-blog\"><\/div>\n<script src=\"https:\/\/app.trysoro.com\/api\/embed\/6ad030a4-0de9-4f19-8b10-6c006f490fa6\" defer><\/script>\n\n\n\n<p><\/p>\n","protected":false},"excerpt":{"rendered":"<p>Warum nat\u00fcrliche Vitalstoffe heute entscheidend sind: Das Fazit: Um die L\u00fccke zwischen sinkender Lebensmittelqualit\u00e4t und steigenden Anforderungen zu schlie\u00dfen, sind bioverf\u00fcgbare N\u00e4hrstoffe heute die notwendige Basis f\u00fcr den Erhalt der Leistungsf\u00e4higkeit. Wie lange dauert es, bis ich etwas von einer zus\u00e4tzlichen Versorgung mit Vitalstoffen etwas sp\u00fcre? Das fragen sich tats\u00e4chliche sehr viele Menschen. Dr. Anja &hellip; <\/p>\n","protected":false},"author":1,"featured_media":0,"parent":0,"menu_order":0,"comment_status":"closed","ping_status":"closed","template":"","meta":{"pgc_sgb_lightbox_settings":"","footnotes":""},"class_list":["post-608","page","type-page","status-publish","hentry"],"_links":{"self":[{"href":"https:\/\/www.rosendahl.biz\/index.php?rest_route=\/wp\/v2\/pages\/608","targetHints":{"allow":["GET"]}}],"collection":[{"href":"https:\/\/www.rosendahl.biz\/index.php?rest_route=\/wp\/v2\/pages"}],"about":[{"href":"https:\/\/www.rosendahl.biz\/index.php?rest_route=\/wp\/v2\/types\/page"}],"author":[{"embeddable":true,"href":"https:\/\/www.rosendahl.biz\/index.php?rest_route=\/wp\/v2\/users\/1"}],"replies":[{"embeddable":true,"href":"https:\/\/www.rosendahl.biz\/index.php?rest_route=%2Fwp%2Fv2%2Fcomments&post=608"}],"version-history":[{"count":5,"href":"https:\/\/www.rosendahl.biz\/index.php?rest_route=\/wp\/v2\/pages\/608\/revisions"}],"predecessor-version":[{"id":651,"href":"https:\/\/www.rosendahl.biz\/index.php?rest_route=\/wp\/v2\/pages\/608\/revisions\/651"}],"wp:attachment":[{"href":"https:\/\/www.rosendahl.biz\/index.php?rest_route=%2Fwp%2Fv2%2Fmedia&parent=608"}],"curies":[{"name":"wp","href":"https:\/\/api.w.org\/{rel}","templated":true}]}}