{"id":477,"date":"2025-05-13T20:03:07","date_gmt":"2025-05-13T19:03:07","guid":{"rendered":"http:\/\/www.rosendahl.biz\/?page_id=477"},"modified":"2026-04-29T20:17:59","modified_gmt":"2026-04-29T19:17:59","slug":"long-covid-post-covid-post-vacc","status":"publish","type":"page","link":"https:\/\/www.rosendahl.biz\/?page_id=477","title":{"rendered":"Long-COVID \/ Post-COVID \/ Post-VACC"},"content":{"rendered":"\n<p><strong>Begleitende Unterst\u00fctzung bei langanhaltenden Herausforderungen der Vitalit\u00e4t<\/strong><\/p>\n\n\n\n<p>Auch heute, einige Jahre nach den ersten globalen gesundheitlichen Herausforderungen, sp\u00fcren viele Menschen noch immer, dass sie nicht zu ihrer urspr\u00fcnglichen Kraft zur\u00fcckgefunden haben. Oft \u00e4u\u00dfert sich dies in einer Vielzahl individueller Symptome, die den Alltag massiv einschr\u00e4nken k\u00f6nnen. Wenn die klassischen Ans\u00e4tze ausgesch\u00f6pft sind, suchen Betroffene oft nach erg\u00e4nzenden Wegen, um ihre Lebensqualit\u00e4t St\u00fcck f\u00fcr St\u00fcck zur\u00fcckzugewinnen.<\/p>\n\n\n\n<p><strong>Individuelle Anzeichen f\u00fcr ein Ungleichgewicht k\u00f6nnen sein:<\/strong><\/p>\n\n\n\n<ul class=\"wp-block-list\">\n<li>Starke Ersch\u00f6pfungszust\u00e4nde und schnelle Erm\u00fcdung (Fatigue)<\/li>\n\n\n\n<li>Eingeschr\u00e4nkte Belastbarkeit im Alltag (Belastungsintoleranz)<\/li>\n\n\n\n<li>Konzentrations- und Ged\u00e4chtnisschwierigkeiten<\/li>\n\n\n\n<li>Sensibilit\u00e4t gegen\u00fcber \u00e4u\u00dferen Reizen (L\u00e4rm, Licht, Temperatur)<\/li>\n\n\n\n<li>Diffuse k\u00f6rperliche Missempfindungen oder Muskelschmerzen<\/li>\n\n\n\n<li>Emotionale Unausgeglichenheit und Stressanf\u00e4lligkeit<\/li>\n<\/ul>\n\n\n\n<p><strong>Mein Ansatz: Ressourcen st\u00e4rken und den K\u00f6rper entlasten<\/strong> Gerne nehme ich mir die Zeit, deine individuelle Situation ganzheitlich zu betrachten. Mein Ziel ist es, gemeinsam mit dir Wege zu finden, wie du deine aktuelle Situation stabilisieren und dein Wohlbefinden f\u00f6rdern kannst.<\/p>\n\n\n\n<p>Wir schauen dabei gezielt auf:<\/p>\n\n\n\n<ol start=\"1\" class=\"wp-block-list\">\n<li><strong>Optimierte Ern\u00e4hrung:<\/strong> Wie wir deinen K\u00f6rper durch bewusste Auswahl und gezielte Entlastung unterst\u00fctzen k\u00f6nnen.<\/li>\n\n\n\n<li><strong>Individuelle Erg\u00e4nzung:<\/strong> Mikron\u00e4hrstoffe, die dein System in dieser fordernden Zeit unterst\u00fctzen k\u00f6nnen.<\/li>\n\n\n\n<li><strong>Energiemanagement (Pacing):<\/strong> Strategien f\u00fcr den Umgang mit den eigenen Kraftreserven im Alltag.<\/li>\n\n\n\n<li><strong>Sanfte Aktivierung:<\/strong> Tipps f\u00fcr eine behutsame Wiederaufnahme k\u00f6rperlicher Impulse, abgestimmt auf deine Grenzen.<\/li>\n<\/ol>\n\n\n\n<p><strong>Wichtiger Hinweis:<\/strong> Meine Beratung versteht sich ausdr\u00fccklich als <strong>erg\u00e4nzende Unterst\u00fctzung<\/strong>. Sie erfolgt begleitend oder im Anschluss an eine \u00e4rztliche Behandlung bzw. therapeutische Begleitung. Es werden keine Diagnosen gestellt oder Heilversprechen gegeben. Mein Fokus liegt darauf, deine k\u00f6rpereigene Regeneration zu f\u00f6rdern und dir Werkzeuge f\u00fcr mehr Eigenverantwortung an die Hand zu geben.<\/p>\n\n\n\n<p>F\u00fcr einen pers\u00f6nlichen Termin melde dich bitte per Mail oder telefonisch\/whats app. <\/p>\n\n\n\n<p><a href=\"https:\/\/wa.me\/+4915730685214\">Whats-app-Chat<\/a><\/p>\n\n\n\n<p>oder schreibe mir eine mail: monika@rosendahl.biz <\/p>\n\n\n\n<p><\/p>\n","protected":false},"excerpt":{"rendered":"<p>Begleitende Unterst\u00fctzung bei langanhaltenden Herausforderungen der Vitalit\u00e4t Auch heute, einige Jahre nach den ersten globalen gesundheitlichen Herausforderungen, sp\u00fcren viele Menschen noch immer, dass sie nicht zu ihrer urspr\u00fcnglichen Kraft zur\u00fcckgefunden haben. Oft \u00e4u\u00dfert sich dies in einer Vielzahl individueller Symptome, die den Alltag massiv einschr\u00e4nken k\u00f6nnen. Wenn die klassischen Ans\u00e4tze ausgesch\u00f6pft sind, suchen Betroffene oft &hellip; <\/p>\n","protected":false},"author":1,"featured_media":0,"parent":0,"menu_order":0,"comment_status":"closed","ping_status":"closed","template":"","meta":{"pgc_sgb_lightbox_settings":"","footnotes":""},"class_list":["post-477","page","type-page","status-publish","hentry"],"_links":{"self":[{"href":"https:\/\/www.rosendahl.biz\/index.php?rest_route=\/wp\/v2\/pages\/477","targetHints":{"allow":["GET"]}}],"collection":[{"href":"https:\/\/www.rosendahl.biz\/index.php?rest_route=\/wp\/v2\/pages"}],"about":[{"href":"https:\/\/www.rosendahl.biz\/index.php?rest_route=\/wp\/v2\/types\/page"}],"author":[{"embeddable":true,"href":"https:\/\/www.rosendahl.biz\/index.php?rest_route=\/wp\/v2\/users\/1"}],"replies":[{"embeddable":true,"href":"https:\/\/www.rosendahl.biz\/index.php?rest_route=%2Fwp%2Fv2%2Fcomments&post=477"}],"version-history":[{"count":2,"href":"https:\/\/www.rosendahl.biz\/index.php?rest_route=\/wp\/v2\/pages\/477\/revisions"}],"predecessor-version":[{"id":623,"href":"https:\/\/www.rosendahl.biz\/index.php?rest_route=\/wp\/v2\/pages\/477\/revisions\/623"}],"wp:attachment":[{"href":"https:\/\/www.rosendahl.biz\/index.php?rest_route=%2Fwp%2Fv2%2Fmedia&parent=477"}],"curies":[{"name":"wp","href":"https:\/\/api.w.org\/{rel}","templated":true}]}}