{"id":439,"date":"2025-03-23T21:12:55","date_gmt":"2025-03-23T20:12:55","guid":{"rendered":"http:\/\/www.rosendahl.biz\/?page_id=439"},"modified":"2026-04-29T08:41:02","modified_gmt":"2026-04-29T07:41:02","slug":"termine","status":"publish","type":"page","link":"https:\/\/www.rosendahl.biz\/?page_id=439","title":{"rendered":"Termine"},"content":{"rendered":"\n<p><strong>Hier eine \u00dcbersicht \u00fcber aktuelle Termine und\/oder Veranstaltungen<\/strong> <\/p>\n\n\n\n<p>Individuelle Beratungstermine rund um Deine Gesundheit nach pers\u00f6nlicher Vereinbarung (Live\/Zoom\/Telefon) &#8211; Bitte per Whats app oder telefonische vereinbaren: +49 157 30685214<br><\/p>\n\n\n\n<p><strong>Online\/Offline <\/strong><\/p>\n\n\n\n<p>27.04.2026, 19.00 Uhr &#8211; online (Zoom)<br>Pets &#8211; Tiergesundheit &#8211; alles f\u00fcr den Hund &#8211; Gesundheit von Anfang an<br><br>29.04.2026, 19.30Uhr &#8211; online (Zoom)<br>Live-Zoom &#8222;langsamer altern&#8220; &#8211; mit Andreas Jopp  &#8211; siehe auch sein neues Buch &#8222;Der Masterplan gegen Alzheimer&#8220;<\/p>\n\n\n\n<p>07.05.2026, 19.00Uhr &#8211; Live in Waiblingen<br>Inspirationsabend f\u00fcr Menschen auf der Suche nach ganzheitlichen Perspektiven<\/p>\n\n\n\n<p>08.05.2026, 18.30Uhr &#8211; Live in Geiselberg (Pfalz)<br>Open-House &#8211; Info und Gesundheitsaustausch f\u00fcr alle<\/p>\n\n\n\n<p>19.06.2026, 18.30Uhr &#8211; Live in Geiselberg (Pfalz)<br>Open-House &#8211; Info und Gesundheitsaustausch f\u00fcr alle<br><\/p>\n\n\n\n<p>Ameldung, Einwahldaten  und Adresse(n) auf Anfrage <br><\/p>\n\n\n\n<p>Auch f\u00fcr Dich interessant? Melde Dich gerne unverbindlich mit all Deinen Fragen.<\/p>\n\n\n\n<p>Kapital aufbauen f\u00fcr Frauen &#8211; ein kurzes Spezialinterview mit Sonja Marie Stahl (Buchhalterin) und Marlene Fuchs (Biologin). Wie kann ich auch als Alleinerziehende Frau ohne Startkapital und Invest ein zus\u00e4tzliches Einkommen generieren. Ohne Fachausbildung. Raus aus der Abh\u00e4ngigkeit! (Selbstverst\u00e4ndlich auch f\u00fcr gl\u00fccklich verheiratete Frauen und M\u00e4nner geeignet). <a href=\"https:\/\/youtu.be\/mmk0UXakP58\">HIER<\/a><\/p>\n\n\n\n<p><\/p>\n\n\n\n<p><\/p>\n","protected":false},"excerpt":{"rendered":"<p>Hier eine \u00dcbersicht \u00fcber aktuelle Termine und\/oder Veranstaltungen Individuelle Beratungstermine rund um Deine Gesundheit nach pers\u00f6nlicher Vereinbarung (Live\/Zoom\/Telefon) &#8211; Bitte per Whats app oder telefonische vereinbaren: +49 157 30685214 Online\/Offline 27.04.2026, 19.00 Uhr &#8211; online (Zoom)Pets &#8211; Tiergesundheit &#8211; alles f\u00fcr den Hund &#8211; Gesundheit von Anfang an 29.04.2026, 19.30Uhr &#8211; online (Zoom)Live-Zoom &#8222;langsamer altern&#8220; &hellip; <\/p>\n","protected":false},"author":1,"featured_media":0,"parent":340,"menu_order":0,"comment_status":"closed","ping_status":"closed","template":"","meta":{"pgc_sgb_lightbox_settings":"","footnotes":""},"class_list":["post-439","page","type-page","status-publish","hentry"],"_links":{"self":[{"href":"https:\/\/www.rosendahl.biz\/index.php?rest_route=\/wp\/v2\/pages\/439","targetHints":{"allow":["GET"]}}],"collection":[{"href":"https:\/\/www.rosendahl.biz\/index.php?rest_route=\/wp\/v2\/pages"}],"about":[{"href":"https:\/\/www.rosendahl.biz\/index.php?rest_route=\/wp\/v2\/types\/page"}],"author":[{"embeddable":true,"href":"https:\/\/www.rosendahl.biz\/index.php?rest_route=\/wp\/v2\/users\/1"}],"replies":[{"embeddable":true,"href":"https:\/\/www.rosendahl.biz\/index.php?rest_route=%2Fwp%2Fv2%2Fcomments&post=439"}],"version-history":[{"count":15,"href":"https:\/\/www.rosendahl.biz\/index.php?rest_route=\/wp\/v2\/pages\/439\/revisions"}],"predecessor-version":[{"id":597,"href":"https:\/\/www.rosendahl.biz\/index.php?rest_route=\/wp\/v2\/pages\/439\/revisions\/597"}],"up":[{"embeddable":true,"href":"https:\/\/www.rosendahl.biz\/index.php?rest_route=\/wp\/v2\/pages\/340"}],"wp:attachment":[{"href":"https:\/\/www.rosendahl.biz\/index.php?rest_route=%2Fwp%2Fv2%2Fmedia&parent=439"}],"curies":[{"name":"wp","href":"https:\/\/api.w.org\/{rel}","templated":true}]}}