{"id":428,"date":"2023-09-21T11:29:14","date_gmt":"2023-09-21T10:29:14","guid":{"rendered":"http:\/\/www.rosendahl.biz\/?page_id=428"},"modified":"2026-04-29T08:47:12","modified_gmt":"2026-04-29T07:47:12","slug":"mehrwert-schaffen","status":"publish","type":"page","link":"https:\/\/www.rosendahl.biz\/?page_id=428","title":{"rendered":"Mehrwert neu definiert"},"content":{"rendered":"\n<p><strong>Dein Business, deine Vision \u2013 Mehrwert neu definiert.<\/strong><\/p>\n\n\n\n<p>Du bist bereits selbstst\u00e4ndig in der Gesundheits- oder Sportbranche t\u00e4tig? Oder arbeitest du als Dienstleister \u2013 zum Beispiel in der Beauty-Branche, Gastronomie oder Fotografie \u2013 leidenschaftlich gern mit Menschen zusammen?<\/p>\n\n\n\n<p>Du m\u00f6chtest dich vom Standard abheben und deinen Kunden eine L\u00f6sung bieten, die \u00fcber das Gewohnte hinausgeht?<\/p>\n\n\n\n<p>Wir unterst\u00fctzen dich dabei, deinen Kunden Wege in die gesundheitliche Eigenverantwortung zu er\u00f6ffnen. So kreierst du einen wertvollen Benefit f\u00fcr deine Klienten, deren Familien und dein eigenes Netzwerk.<\/p>\n\n\n\n<p><strong>Das Beste daran:<\/strong> Du startest ohne Investment, ohne finanzielles Risiko und ohne zeitliche Mehrbelastung.<\/p>\n\n\n\n<p>Was gibt es Sch\u00f6neres, als das zu tun, was man liebt \u2013 und dabei v\u00f6llig selbstbestimmt zu wachsen? Wenn du bereit bist, den n\u00e4chsten Schritt zu gehen, freuen wir uns darauf, von dir zu h\u00f6ren!<\/p>\n\n\n\n<p><a href=\"http:\/\/www.rosendahl.biz\/?page_id=325\" target=\"_blank\" rel=\"noreferrer noopener\">Kontakt<\/a><\/p>\n","protected":false},"excerpt":{"rendered":"<p>Dein Business, deine Vision \u2013 Mehrwert neu definiert. Du bist bereits selbstst\u00e4ndig in der Gesundheits- oder Sportbranche t\u00e4tig? Oder arbeitest du als Dienstleister \u2013 zum Beispiel in der Beauty-Branche, Gastronomie oder Fotografie \u2013 leidenschaftlich gern mit Menschen zusammen? Du m\u00f6chtest dich vom Standard abheben und deinen Kunden eine L\u00f6sung bieten, die \u00fcber das Gewohnte hinausgeht? &hellip; <\/p>\n","protected":false},"author":1,"featured_media":0,"parent":0,"menu_order":0,"comment_status":"closed","ping_status":"closed","template":"","meta":{"pgc_sgb_lightbox_settings":"","footnotes":""},"class_list":["post-428","page","type-page","status-publish","hentry"],"_links":{"self":[{"href":"https:\/\/www.rosendahl.biz\/index.php?rest_route=\/wp\/v2\/pages\/428","targetHints":{"allow":["GET"]}}],"collection":[{"href":"https:\/\/www.rosendahl.biz\/index.php?rest_route=\/wp\/v2\/pages"}],"about":[{"href":"https:\/\/www.rosendahl.biz\/index.php?rest_route=\/wp\/v2\/types\/page"}],"author":[{"embeddable":true,"href":"https:\/\/www.rosendahl.biz\/index.php?rest_route=\/wp\/v2\/users\/1"}],"replies":[{"embeddable":true,"href":"https:\/\/www.rosendahl.biz\/index.php?rest_route=%2Fwp%2Fv2%2Fcomments&post=428"}],"version-history":[{"count":2,"href":"https:\/\/www.rosendahl.biz\/index.php?rest_route=\/wp\/v2\/pages\/428\/revisions"}],"predecessor-version":[{"id":600,"href":"https:\/\/www.rosendahl.biz\/index.php?rest_route=\/wp\/v2\/pages\/428\/revisions\/600"}],"wp:attachment":[{"href":"https:\/\/www.rosendahl.biz\/index.php?rest_route=%2Fwp%2Fv2%2Fmedia&parent=428"}],"curies":[{"name":"wp","href":"https:\/\/api.w.org\/{rel}","templated":true}]}}