{"id":366,"date":"2023-09-10T17:47:19","date_gmt":"2023-09-10T16:47:19","guid":{"rendered":"http:\/\/www.rosendahl.biz\/?page_id=366"},"modified":"2025-05-13T08:44:31","modified_gmt":"2025-05-13T07:44:31","slug":"ueber-uns-rosendahl-biz","status":"publish","type":"page","link":"https:\/\/www.rosendahl.biz\/?page_id=366","title":{"rendered":"\u00dcber uns &#8211; rosendahl.biz"},"content":{"rendered":"\n<figure class=\"wp-block-gallery alignleft has-nested-images columns-default is-cropped wp-block-gallery-1 is-layout-flex wp-block-gallery-is-layout-flex\">\n<figure class=\"wp-block-image size-medium is-style-rounded\"><img loading=\"lazy\" decoding=\"async\" width=\"225\" height=\"300\" data-id=\"447\" src=\"http:\/\/www.rosendahl.biz\/wp-content\/uploads\/2025\/05\/WhatsApp-Image-2025-05-13-at-09.40.13-225x300.jpeg\" alt=\"\" class=\"wp-image-447\" srcset=\"https:\/\/www.rosendahl.biz\/wp-content\/uploads\/2025\/05\/WhatsApp-Image-2025-05-13-at-09.40.13-225x300.jpeg 225w, https:\/\/www.rosendahl.biz\/wp-content\/uploads\/2025\/05\/WhatsApp-Image-2025-05-13-at-09.40.13-768x1024.jpeg 768w, https:\/\/www.rosendahl.biz\/wp-content\/uploads\/2025\/05\/WhatsApp-Image-2025-05-13-at-09.40.13-1152x1536.jpeg 1152w, https:\/\/www.rosendahl.biz\/wp-content\/uploads\/2025\/05\/WhatsApp-Image-2025-05-13-at-09.40.13.jpeg 1536w\" sizes=\"auto, (max-width: 225px) 100vw, 225px\" \/><figcaption class=\"wp-element-caption\">Monika Rosendahl<\/figcaption><\/figure>\n<\/figure>\n\n\n\n<p>Ich bin Monika Rosendahl, gelernte Fremdsprachensekret\u00e4rin, Ern\u00e4hrungs- und Vitalstoffberaterin, Long-COVID Therapeutin und Mutter von 4 Kindern. Mit der Entscheidung Kinder zu bekommen stand f\u00fcr mich fest, dass ich diese selbst erziehen m\u00f6chte. Die Baby- und Kinderzeit selbst mit zu erleben und mittags zu Hause sein, wenn sie von der Schule kommen, war mir immer wichtig. Das bedeutet nat\u00fcrlich wenig f\u00fcr die Rente zu haben. Daher war ich immer auf der Suche nach einer M\u00f6glichkeit beides zu vereinen. Also startete ich fr\u00fch mit einem Kleinunternehmen und besch\u00e4ftigte mich mit vielen verschiedenen Branchen und Bereichen.<\/p>\n\n\n\n<p>2016 war f\u00fcr mich ein entscheidendes Jahr. Durch gesundheitliche Herausforderungen habe ich unser heutiges Lebenskonzept kennengelernt, das erstmal meinen K\u00f6rper wieder ges\u00fcnder machte und mit Energie versorgte. Schon nach kurzer Zeit brachte das selbe Konzept mich auch meinen gr\u00f6\u00dferen Ziele, wie z.B. Rente, Absicherung, Unabh\u00e4ngigkeit, Reisen und Selbstbestimmtheit n\u00e4her.<\/p>\n\n\n\n<p>Heute unterst\u00fctze ich selbstbestimmte, freiheitsliebende Menschen bei der Realisierung ihrer W\u00fcnsche ges\u00fcnder zu werden oder m\u00f6glichst lange gesund zu bleiben und ihre individuellen Ziele und Tr\u00e4ume in ihr Leben zu holen.<\/p>\n\n\n<div class=\"wp-block-image is-style-rounded\">\n<figure class=\"alignleft size-large\"><img loading=\"lazy\" decoding=\"async\" width=\"429\" height=\"538\" src=\"http:\/\/www.rosendahl.biz\/wp-content\/uploads\/2023\/09\/WhatsApp-Image-2023-09-10-at-20.32.42.jpeg\" alt=\"\" class=\"wp-image-385\" srcset=\"https:\/\/www.rosendahl.biz\/wp-content\/uploads\/2023\/09\/WhatsApp-Image-2023-09-10-at-20.32.42.jpeg 429w, https:\/\/www.rosendahl.biz\/wp-content\/uploads\/2023\/09\/WhatsApp-Image-2023-09-10-at-20.32.42-239x300.jpeg 239w, https:\/\/www.rosendahl.biz\/wp-content\/uploads\/2023\/09\/WhatsApp-Image-2023-09-10-at-20.32.42-48x60.jpeg 48w\" sizes=\"auto, (max-width: 429px) 100vw, 429px\" \/><figcaption class=\"wp-element-caption\">Frank Rosendahl<\/figcaption><\/figure><\/div>\n\n\n<p>Mein Name ist Frank Rosendahl, studierter Ledertechniker, ausgebildet als Industriekaufmann und inzwischen als IT Spezialist bei einem grossen, schw\u00e4bischen Unternehmen angestellt. Ich bin stolzer Vater von 5 Kindern.<br>Seit jeher war mir durch meine Erziehung meiner Eltern klar, dass es wichtig ist, dass Kinder einen nahen Kontakt zu ihren Eltern ben\u00f6tigen.<br>Daher habe ich gerne den Wunsch meiner Frau, f\u00fcr unsere Kinder immer zur Verf\u00fcgung zu stehen, unterst\u00fctzt. Jedoch ist in der heutigen Zeit die Absicherung, haupts\u00e4chlich die von Frauen, im Alter nicht mehr gegeben, weswegen ich den Drang meiner Frau, sich eine Absicherung aufzubauen, verstehen und unterst\u00fctzen konnte. Viele Ideen wurden dabei von uns durchgespielt und umgesetzt, doch eine Sicherheit konnten wir dort in keinem Fall finden.<br>Dann jedoch fand meine Frau ein Konzept, welches unsere Anforderungen voll erf\u00fcllte: Zusatzverdienst, Absicherung und Zufriedenheit zu fairen Konditionen &#8211; ohne Kompromisse. Dieses Konzept verfolgen wir und sind seither sicher unseren Weg gefunden zu haben.<\/p>\n\n\n<div class=\"wp-block-image\">\n<figure class=\"alignleft size-large\"><a href=\"https:\/\/www.facebook.com\/monika.rosendahl.9\"><img loading=\"lazy\" decoding=\"async\" width=\"92\" height=\"92\" src=\"http:\/\/www.rosendahl.biz\/wp-content\/uploads\/2023\/09\/fb.png\" alt=\"\" class=\"wp-image-420\" srcset=\"https:\/\/www.rosendahl.biz\/wp-content\/uploads\/2023\/09\/fb.png 92w, https:\/\/www.rosendahl.biz\/wp-content\/uploads\/2023\/09\/fb-60x60.png 60w\" sizes=\"auto, (max-width: 92px) 100vw, 92px\" \/><\/a><figcaption class=\"wp-element-caption\">let&#8217;s connect<\/figcaption><\/figure><\/div>\n\n\n<p><\/p>\n","protected":false},"excerpt":{"rendered":"<p>Ich bin Monika Rosendahl, gelernte Fremdsprachensekret\u00e4rin, Ern\u00e4hrungs- und Vitalstoffberaterin, Long-COVID Therapeutin und Mutter von 4 Kindern. Mit der Entscheidung Kinder zu bekommen stand f\u00fcr mich fest, dass ich diese selbst erziehen m\u00f6chte. Die Baby- und Kinderzeit selbst mit zu erleben und mittags zu Hause sein, wenn sie von der Schule kommen, war mir immer wichtig. &hellip; <\/p>\n","protected":false},"author":1,"featured_media":0,"parent":0,"menu_order":0,"comment_status":"closed","ping_status":"closed","template":"","meta":{"pgc_sgb_lightbox_settings":"","footnotes":""},"class_list":["post-366","page","type-page","status-publish","hentry"],"_links":{"self":[{"href":"https:\/\/www.rosendahl.biz\/index.php?rest_route=\/wp\/v2\/pages\/366","targetHints":{"allow":["GET"]}}],"collection":[{"href":"https:\/\/www.rosendahl.biz\/index.php?rest_route=\/wp\/v2\/pages"}],"about":[{"href":"https:\/\/www.rosendahl.biz\/index.php?rest_route=\/wp\/v2\/types\/page"}],"author":[{"embeddable":true,"href":"https:\/\/www.rosendahl.biz\/index.php?rest_route=\/wp\/v2\/users\/1"}],"replies":[{"embeddable":true,"href":"https:\/\/www.rosendahl.biz\/index.php?rest_route=%2Fwp%2Fv2%2Fcomments&post=366"}],"version-history":[{"count":15,"href":"https:\/\/www.rosendahl.biz\/index.php?rest_route=\/wp\/v2\/pages\/366\/revisions"}],"predecessor-version":[{"id":451,"href":"https:\/\/www.rosendahl.biz\/index.php?rest_route=\/wp\/v2\/pages\/366\/revisions\/451"}],"wp:attachment":[{"href":"https:\/\/www.rosendahl.biz\/index.php?rest_route=%2Fwp%2Fv2%2Fmedia&parent=366"}],"curies":[{"name":"wp","href":"https:\/\/api.w.org\/{rel}","templated":true}]}}