{"id":340,"date":"2023-09-10T16:17:15","date_gmt":"2023-09-10T15:17:15","guid":{"rendered":"http:\/\/www.rosendahl.biz\/?page_id=340"},"modified":"2026-04-29T08:42:22","modified_gmt":"2026-04-29T07:42:22","slug":"was-wir-machen","status":"publish","type":"page","link":"https:\/\/www.rosendahl.biz\/?page_id=340","title":{"rendered":"Mehr vom Leben"},"content":{"rendered":"\n<p><strong>Zeitliche Freiheit und Vitalit\u00e4t \u2013 ein Konzept, das aufgeht.<\/strong><\/p>\n\n\n\n<p>Die Branche des Empfehlungsmarketings w\u00e4chst rasant und bietet heute M\u00f6glichkeiten, die weit \u00fcber herk\u00f6mmliche Netzwerke hinausgehen. Unser Ziel ist es, Menschen zu helfen, ein selbstbestimmtes Leben zu f\u00fchren und dabei ihre gesundheitliche Balance zu finden oder zu st\u00e4rken.<\/p>\n\n\n\n<p>Wir setzen auf <strong>pers\u00f6nliche Empfehlungen statt auf k\u00fcnstliche Verkaufsatmosph\u00e4re<\/strong>. Das Besondere: Unser Partnermodell bietet eine Beteiligungsstruktur, die in der Branche ihresgleichen sucht und Ihnen T\u00fcren zu au\u00dfergew\u00f6hnlichen Einkommensperspektiven \u00f6ffnet.<\/p>\n\n\n\n<p>Neugierig, was hinter diesem System steckt? Ich lade Sie herzlich zu einem Austausch ein!<br><br><\/p>\n\n\n<div class=\"wp-block-image is-resized\">\n<figure class=\"aligncenter size-large\"><img loading=\"lazy\" decoding=\"async\" width=\"1024\" height=\"682\" src=\"http:\/\/www.rosendahl.biz\/wp-content\/uploads\/2023\/09\/WhatsApp-Image-2023-09-10-at-21.01.32-1024x682.jpeg\" alt=\"\" class=\"wp-image-396\" srcset=\"https:\/\/www.rosendahl.biz\/wp-content\/uploads\/2023\/09\/WhatsApp-Image-2023-09-10-at-21.01.32-1024x682.jpeg 1024w, https:\/\/www.rosendahl.biz\/wp-content\/uploads\/2023\/09\/WhatsApp-Image-2023-09-10-at-21.01.32-300x200.jpeg 300w, https:\/\/www.rosendahl.biz\/wp-content\/uploads\/2023\/09\/WhatsApp-Image-2023-09-10-at-21.01.32-768x512.jpeg 768w, https:\/\/www.rosendahl.biz\/wp-content\/uploads\/2023\/09\/WhatsApp-Image-2023-09-10-at-21.01.32-90x60.jpeg 90w, https:\/\/www.rosendahl.biz\/wp-content\/uploads\/2023\/09\/WhatsApp-Image-2023-09-10-at-21.01.32.jpeg 1280w\" sizes=\"auto, (max-width: 1024px) 100vw, 1024px\" \/><\/figure><\/div>","protected":false},"excerpt":{"rendered":"<p>Zeitliche Freiheit und Vitalit\u00e4t \u2013 ein Konzept, das aufgeht. Die Branche des Empfehlungsmarketings w\u00e4chst rasant und bietet heute M\u00f6glichkeiten, die weit \u00fcber herk\u00f6mmliche Netzwerke hinausgehen. Unser Ziel ist es, Menschen zu helfen, ein selbstbestimmtes Leben zu f\u00fchren und dabei ihre gesundheitliche Balance zu finden oder zu st\u00e4rken. Wir setzen auf pers\u00f6nliche Empfehlungen statt auf k\u00fcnstliche &hellip; <\/p>\n","protected":false},"author":1,"featured_media":0,"parent":0,"menu_order":0,"comment_status":"closed","ping_status":"closed","template":"","meta":{"pgc_sgb_lightbox_settings":"","footnotes":""},"class_list":["post-340","page","type-page","status-publish","hentry"],"_links":{"self":[{"href":"https:\/\/www.rosendahl.biz\/index.php?rest_route=\/wp\/v2\/pages\/340","targetHints":{"allow":["GET"]}}],"collection":[{"href":"https:\/\/www.rosendahl.biz\/index.php?rest_route=\/wp\/v2\/pages"}],"about":[{"href":"https:\/\/www.rosendahl.biz\/index.php?rest_route=\/wp\/v2\/types\/page"}],"author":[{"embeddable":true,"href":"https:\/\/www.rosendahl.biz\/index.php?rest_route=\/wp\/v2\/users\/1"}],"replies":[{"embeddable":true,"href":"https:\/\/www.rosendahl.biz\/index.php?rest_route=%2Fwp%2Fv2%2Fcomments&post=340"}],"version-history":[{"count":7,"href":"https:\/\/www.rosendahl.biz\/index.php?rest_route=\/wp\/v2\/pages\/340\/revisions"}],"predecessor-version":[{"id":598,"href":"https:\/\/www.rosendahl.biz\/index.php?rest_route=\/wp\/v2\/pages\/340\/revisions\/598"}],"wp:attachment":[{"href":"https:\/\/www.rosendahl.biz\/index.php?rest_route=%2Fwp%2Fv2%2Fmedia&parent=340"}],"curies":[{"name":"wp","href":"https:\/\/api.w.org\/{rel}","templated":true}]}}