{"id":337,"date":"2023-09-10T15:59:45","date_gmt":"2023-09-10T14:59:45","guid":{"rendered":"http:\/\/www.rosendahl.biz\/?page_id=337"},"modified":"2023-09-10T19:49:18","modified_gmt":"2023-09-10T18:49:18","slug":"wo-wir-sind","status":"publish","type":"page","link":"https:\/\/www.rosendahl.biz\/?page_id=337","title":{"rendered":"Wo wir sind"},"content":{"rendered":"\n<div class=\"wp-block-image is-style-default\"><figure class=\"alignright size-large is-resized\"><img loading=\"lazy\" decoding=\"async\" src=\"http:\/\/www.rosendahl.biz\/wp-content\/uploads\/2023\/09\/WhatsApp-Image-2023-09-10-at-20.24.55-667x1024.jpeg\" alt=\"\" class=\"wp-image-387\" width=\"190\" height=\"292\" srcset=\"https:\/\/www.rosendahl.biz\/wp-content\/uploads\/2023\/09\/WhatsApp-Image-2023-09-10-at-20.24.55-667x1024.jpeg 667w, https:\/\/www.rosendahl.biz\/wp-content\/uploads\/2023\/09\/WhatsApp-Image-2023-09-10-at-20.24.55-195x300.jpeg 195w, https:\/\/www.rosendahl.biz\/wp-content\/uploads\/2023\/09\/WhatsApp-Image-2023-09-10-at-20.24.55-768x1179.jpeg 768w, https:\/\/www.rosendahl.biz\/wp-content\/uploads\/2023\/09\/WhatsApp-Image-2023-09-10-at-20.24.55-1000x1536.jpeg 1000w, https:\/\/www.rosendahl.biz\/wp-content\/uploads\/2023\/09\/WhatsApp-Image-2023-09-10-at-20.24.55-39x60.jpeg 39w, https:\/\/www.rosendahl.biz\/wp-content\/uploads\/2023\/09\/WhatsApp-Image-2023-09-10-at-20.24.55.jpeg 1100w\" sizes=\"auto, (max-width: 190px) 100vw, 190px\" \/><figcaption>Schlo\u00df Lichtenstein<\/figcaption><\/figure><\/div>\n\n\n\n<p>Wir wohnen derzeit haupts\u00e4chlich auf der Schw\u00e4bischen Alb im sch\u00f6nen Baden-W\u00fcrttemberg, ganz in der N\u00e4he von Reutlingen. Regelm\u00e4\u00dfig finden bei uns Treffen und Austausch rund um die Themen Gesundheit und Pr\u00e4vention aber auch Selbstbestimmtes und unabh\u00e4ngiges Leben statt.<\/p>\n\n\n\n<p><\/p>\n\n\n\n<p><\/p>\n\n\n\n<div class=\"wp-block-image\"><figure class=\"alignleft size-large is-resized\"><img loading=\"lazy\" decoding=\"async\" src=\"http:\/\/www.rosendahl.biz\/wp-content\/uploads\/2023\/09\/WhatsApp-Image-2023-09-10-at-20.26.06-1024x768.jpeg\" alt=\"\" class=\"wp-image-388\" width=\"232\" height=\"175\" srcset=\"https:\/\/www.rosendahl.biz\/wp-content\/uploads\/2023\/09\/WhatsApp-Image-2023-09-10-at-20.26.06-1024x768.jpeg 1024w, https:\/\/www.rosendahl.biz\/wp-content\/uploads\/2023\/09\/WhatsApp-Image-2023-09-10-at-20.26.06-300x225.jpeg 300w, https:\/\/www.rosendahl.biz\/wp-content\/uploads\/2023\/09\/WhatsApp-Image-2023-09-10-at-20.26.06-768x576.jpeg 768w, https:\/\/www.rosendahl.biz\/wp-content\/uploads\/2023\/09\/WhatsApp-Image-2023-09-10-at-20.26.06-1536x1152.jpeg 1536w, https:\/\/www.rosendahl.biz\/wp-content\/uploads\/2023\/09\/WhatsApp-Image-2023-09-10-at-20.26.06-80x60.jpeg 80w, https:\/\/www.rosendahl.biz\/wp-content\/uploads\/2023\/09\/WhatsApp-Image-2023-09-10-at-20.26.06.jpeg 1984w\" sizes=\"auto, (max-width: 232px) 100vw, 232px\" \/><figcaption>Ungarn<\/figcaption><\/figure><\/div>\n\n\n\n<p>Einige Wochen im Jahr sind wir jedoch einige Kilometer entfernt an zu treffen. Genauer gesagt im wundersch\u00f6nen Ungarn. Dort kann man uns im Komitat Gy\u00f6r-Moson-Sopron, n\u00e4he Gy\u00f6r besuchen. Unser gem\u00fctliches Haus l\u00e4d zum Austausch \u00fcber aktuelle Themen und Ziele ein.<\/p>\n\n\n\n<p><\/p>\n","protected":false},"excerpt":{"rendered":"<p>Wir wohnen derzeit haupts\u00e4chlich auf der Schw\u00e4bischen Alb im sch\u00f6nen Baden-W\u00fcrttemberg, ganz in der N\u00e4he von Reutlingen. Regelm\u00e4\u00dfig finden bei uns Treffen und Austausch rund um die Themen Gesundheit und Pr\u00e4vention aber auch Selbstbestimmtes und unabh\u00e4ngiges Leben statt. Einige Wochen im Jahr sind wir jedoch einige Kilometer entfernt an zu treffen. Genauer gesagt im wundersch\u00f6nen &hellip; <\/p>\n","protected":false},"author":1,"featured_media":0,"parent":0,"menu_order":0,"comment_status":"closed","ping_status":"closed","template":"","meta":{"pgc_sgb_lightbox_settings":"","footnotes":""},"class_list":["post-337","page","type-page","status-publish","hentry"],"_links":{"self":[{"href":"https:\/\/www.rosendahl.biz\/index.php?rest_route=\/wp\/v2\/pages\/337","targetHints":{"allow":["GET"]}}],"collection":[{"href":"https:\/\/www.rosendahl.biz\/index.php?rest_route=\/wp\/v2\/pages"}],"about":[{"href":"https:\/\/www.rosendahl.biz\/index.php?rest_route=\/wp\/v2\/types\/page"}],"author":[{"embeddable":true,"href":"https:\/\/www.rosendahl.biz\/index.php?rest_route=\/wp\/v2\/users\/1"}],"replies":[{"embeddable":true,"href":"https:\/\/www.rosendahl.biz\/index.php?rest_route=%2Fwp%2Fv2%2Fcomments&post=337"}],"version-history":[{"count":2,"href":"https:\/\/www.rosendahl.biz\/index.php?rest_route=\/wp\/v2\/pages\/337\/revisions"}],"predecessor-version":[{"id":389,"href":"https:\/\/www.rosendahl.biz\/index.php?rest_route=\/wp\/v2\/pages\/337\/revisions\/389"}],"wp:attachment":[{"href":"https:\/\/www.rosendahl.biz\/index.php?rest_route=%2Fwp%2Fv2%2Fmedia&parent=337"}],"curies":[{"name":"wp","href":"https:\/\/api.w.org\/{rel}","templated":true}]}}