{"id":272,"date":"2023-09-10T14:11:21","date_gmt":"2023-09-10T13:11:21","guid":{"rendered":"http:\/\/www.rosendahl.biz\/?page_id=272"},"modified":"2026-04-29T20:11:40","modified_gmt":"2026-04-29T19:11:40","slug":"dein-immunsystem","status":"publish","type":"page","link":"https:\/\/www.rosendahl.biz\/?page_id=272","title":{"rendered":"Dein Immunsystem"},"content":{"rendered":"\n<h2 class=\"wp-block-heading\">Gesundheit ist mehr als die blo\u00dfe Abwesenheit von Krankheit<\/h2>\n\n\n\n<p>Ein vitales Immunsystem ist dein innerer Schutzschild. Es hilft dir dabei, den t\u00e4glichen Anforderungen gelassen zu begegnen und bestm\u00f6glich auf \u00e4u\u00dfere Einfl\u00fcsse vorbereitet zu sein.<\/p>\n\n\n\n<h3 class=\"wp-block-heading\">Das Zentrum deines Wohlbefindens: Der Darm<\/h3>\n\n\n\n<p>Wusstest du, dass dein Bauchzentrum eine Schl\u00fcsselrolle f\u00fcr dein gesamtes System spielt? Ein balancierter Darm hat direkten Einfluss auf deine Abwehrkr\u00e4fte und kann sich sogar auf deine Stimmung, deine Konzentration und dein allgemeines Empfinden auswirken. Daher ist es besonders wertvoll, die Darmflora regelm\u00e4\u00dfig zu pflegen \u2013 sei es pr\u00e4ventiv oder durch gezielte Kuren zur Unterst\u00fctzung der nat\u00fcrlichen Balance. Gerade im Herbst ist der ideale Zeitpunkt, um den K\u00f6rper auf die k\u00fchleren Monate vorzubereiten.<\/p>\n\n\n\n<h3 class=\"wp-block-heading\">Dein Reset: Das Basen-Konzept<\/h3>\n\n\n\n<p>Als ideale Erg\u00e4nzung empfehle ich eine <strong>basische Stoffwechsel-Kur<\/strong>. Mit leckeren Rezepten, die dich satt machen und deine Energiereserven auff\u00fcllen, begleitest du deinen K\u00f6rper sanft durch eine Phase der Entlastung. Du entscheidest, wann es am besten in deinen Kalender passt: Ob als intensiver Impuls f\u00fcr sechs Wochen oder als begleitende Ern\u00e4hrungsumstellung.<\/p>\n\n\n\n<h3 class=\"wp-block-heading\">Individuelle L\u00f6sungen f\u00fcr dich<\/h3>\n\n\n\n<p>Was tust du bereits heute f\u00fcr dein Bauchgef\u00fchl? Wie unterst\u00fctzt du dein Immunsystem \u2013 und ist da vielleicht noch \u201ePlatz nach oben\u201c? W\u00fcnschst du dir eine vitale Ausstrahlung und sp\u00fcrbar mehr Energie f\u00fcr deinen Alltag?<\/p>\n\n\n\n<p><strong>Die wichtigsten Bausteine f\u00fcr ein starkes Fundament sind:<\/strong><\/p>\n\n\n\n<ul class=\"wp-block-list\">\n<li><strong>Mikron\u00e4hrstoffe:<\/strong> Vitamine, Mineralstoffe und Spurenelemente f\u00fcr reibungslose Abl\u00e4ufe.<\/li>\n\n\n\n<li><strong>Pflanzenkraft:<\/strong> Sekund\u00e4re Pflanzenstoffe, Enzyme und wertvolle Omega-3-Fetts\u00e4uren.<\/li>\n\n\n\n<li><strong>Struktur:<\/strong> Hochwertige Proteine (Eiwei\u00df) als Baustoff des Lebens.<\/li>\n\n\n\n<li><strong>Darm-Support:<\/strong> Pro- und Pr\u00e4biotika f\u00fcr ein mikrobielles Gleichgewicht sowie ausreichend Fl\u00fcssigkeit.<\/li>\n<\/ul>\n\n\n\n<p>F\u00fcr dich, f\u00fcr deine Familie und f\u00fcr ein Immunsystem, das dich kraftvoll durch das Jahr tr\u00e4gt.<\/p>\n\n\n\n<p><\/p>\n","protected":false},"excerpt":{"rendered":"<p>Gesundheit ist mehr als die blo\u00dfe Abwesenheit von Krankheit Ein vitales Immunsystem ist dein innerer Schutzschild. Es hilft dir dabei, den t\u00e4glichen Anforderungen gelassen zu begegnen und bestm\u00f6glich auf \u00e4u\u00dfere Einfl\u00fcsse vorbereitet zu sein. Das Zentrum deines Wohlbefindens: Der Darm Wusstest du, dass dein Bauchzentrum eine Schl\u00fcsselrolle f\u00fcr dein gesamtes System spielt? Ein balancierter Darm &hellip; <\/p>\n","protected":false},"author":1,"featured_media":0,"parent":0,"menu_order":0,"comment_status":"closed","ping_status":"closed","template":"","meta":{"pgc_sgb_lightbox_settings":"","footnotes":""},"class_list":["post-272","page","type-page","status-publish","hentry"],"_links":{"self":[{"href":"https:\/\/www.rosendahl.biz\/index.php?rest_route=\/wp\/v2\/pages\/272","targetHints":{"allow":["GET"]}}],"collection":[{"href":"https:\/\/www.rosendahl.biz\/index.php?rest_route=\/wp\/v2\/pages"}],"about":[{"href":"https:\/\/www.rosendahl.biz\/index.php?rest_route=\/wp\/v2\/types\/page"}],"author":[{"embeddable":true,"href":"https:\/\/www.rosendahl.biz\/index.php?rest_route=\/wp\/v2\/users\/1"}],"replies":[{"embeddable":true,"href":"https:\/\/www.rosendahl.biz\/index.php?rest_route=%2Fwp%2Fv2%2Fcomments&post=272"}],"version-history":[{"count":2,"href":"https:\/\/www.rosendahl.biz\/index.php?rest_route=\/wp\/v2\/pages\/272\/revisions"}],"predecessor-version":[{"id":621,"href":"https:\/\/www.rosendahl.biz\/index.php?rest_route=\/wp\/v2\/pages\/272\/revisions\/621"}],"wp:attachment":[{"href":"https:\/\/www.rosendahl.biz\/index.php?rest_route=%2Fwp%2Fv2%2Fmedia&parent=272"}],"curies":[{"name":"wp","href":"https:\/\/api.w.org\/{rel}","templated":true}]}}