{"id":268,"date":"2023-09-10T14:12:11","date_gmt":"2023-09-10T13:12:11","guid":{"rendered":"http:\/\/www.rosendahl.biz\/?page_id=268"},"modified":"2023-09-10T19:27:14","modified_gmt":"2023-09-10T18:27:14","slug":"rosendahl-biz-ueber-uns","status":"publish","type":"page","link":"https:\/\/www.rosendahl.biz\/","title":{"rendered":"Rosendahl.biz &#8211; \u00fcber uns"},"content":{"rendered":"\n<p>Ich bin Monika Rosendahl, gelernte Fremdsprachensekret\u00e4rin und Mutter von 4 Kindern. Mit der Entscheidung Kinder zu bekommen, stand f\u00fcr mich fest, dass ich diese selbst erziehen m\u00f6chte, um die Baby- und Kinderzeit miterleben zu k\u00f6nnen und Mittags zu Hause sein zu sein, wenn sie von der Schule nach Hause kommen. Das bedeutet nat\u00fcrlich wenig f\u00fcr die Rente zu aufzubauen. Dadurch war ich immer auf der Suche nach einer M\u00f6glichkeit beides zu vereinen. Also startete ich fr\u00fch mit einem Kleinunternehmen und besch\u00e4ftigte mich mit vielen verschiedenen Branchen und Bereichen. <\/p>\n\n\n\n<p>2016 war f\u00fcr mich ein entscheidendes Jahr. Durch gesundheitliche Herausforderungen habe ich unser heutiges Lebenskonzept kennengelernt das erstmal meinen K\u00f6rper wieder ges\u00fcnder machte und mit Energie versorgte. Schon nach kurzer Zeit brachte das selbe Konzept mich auch meinen gr\u00f6\u00dferen Ziele, wie z.B.  Rente, Absicherung, Unabh\u00e4ngigkeit, Reisen und Selbstbestimmtheit n\u00e4her.<\/p>\n\n\n\n<p>Heute unterst\u00fctze ich selbstbestimmte, freiheitsliebende Menschen bei der Realisierung Ihrer W\u00fcnsche, ges\u00fcnder zu werden oder m\u00f6glichst lange gesund zu bleiben und ihre individuellen Ziele und Tr\u00e4ume in ihr Leben zu holen. <\/p>\n\n\n\n<p><\/p>\n\n\n\n<p>Mein Name ist Frank Rosendahl, studierter Ledertechniker, ausgebildet als Industriekaufmann und inzwischen als IT Spezialist bei einem grossen, schw\u00e4bischen Unternehmen angestellt. Ich bin stolzer Vater von 5 Kindern.<br>Seid jeher war mir durch meine Erziehung meiner Eltern klar, dass es wichtig ist, dass Kinder einen nahen Kontakt zu ihren Eltern ben\u00f6tigen.<br>Daher habe ich gerne den Wunsch meiner Frau, f\u00fcr unsere Kinder immer zur Verf\u00fcgung zu stehen, unterst\u00fctzt. Jedoch ist in der heutigen Zeit die Absicherung der Frau im Alter nicht mehr gegeben, weswegen ich den Wunsch meiner Frau, sich eine Absicherung aufzubauen, verstehen und unterst\u00fctzen konnte. Viele Ideen wurden dabei von uns durchgespielt und umgesetzt,  doch eine Sicherheit konnten wir in keinem Fall finden.<br>Dann jedoch fand meine Frau ein Konzept, welches unsere Anforderungen voll erf\u00fcllte: Zusatzverdienst, Absicherung und Zufriedenheit zu fairen Konditionen. Diese Konzept verfolgen wir und sind seidher sicher unseren Weg gefunden zu haben.<\/p>\n","protected":false},"excerpt":{"rendered":"<p>Ich bin Monika Rosendahl, gelernte Fremdsprachensekret\u00e4rin und Mutter von 4 Kindern. Mit der Entscheidung Kinder zu bekommen, stand f\u00fcr mich fest, dass ich diese selbst erziehen m\u00f6chte, um die Baby- und Kinderzeit miterleben zu k\u00f6nnen und Mittags zu Hause sein zu sein, wenn sie von der Schule nach Hause kommen. Das bedeutet nat\u00fcrlich wenig f\u00fcr &hellip; <\/p>\n","protected":false},"author":1,"featured_media":0,"parent":0,"menu_order":0,"comment_status":"closed","ping_status":"closed","template":"","meta":{"pgc_sgb_lightbox_settings":"","footnotes":""},"class_list":["post-268","page","type-page","status-publish","hentry"],"_links":{"self":[{"href":"https:\/\/www.rosendahl.biz\/index.php?rest_route=\/wp\/v2\/pages\/268","targetHints":{"allow":["GET"]}}],"collection":[{"href":"https:\/\/www.rosendahl.biz\/index.php?rest_route=\/wp\/v2\/pages"}],"about":[{"href":"https:\/\/www.rosendahl.biz\/index.php?rest_route=\/wp\/v2\/types\/page"}],"author":[{"embeddable":true,"href":"https:\/\/www.rosendahl.biz\/index.php?rest_route=\/wp\/v2\/users\/1"}],"replies":[{"embeddable":true,"href":"https:\/\/www.rosendahl.biz\/index.php?rest_route=%2Fwp%2Fv2%2Fcomments&post=268"}],"version-history":[{"count":3,"href":"https:\/\/www.rosendahl.biz\/index.php?rest_route=\/wp\/v2\/pages\/268\/revisions"}],"predecessor-version":[{"id":380,"href":"https:\/\/www.rosendahl.biz\/index.php?rest_route=\/wp\/v2\/pages\/268\/revisions\/380"}],"wp:attachment":[{"href":"https:\/\/www.rosendahl.biz\/index.php?rest_route=%2Fwp%2Fv2%2Fmedia&parent=268"}],"curies":[{"name":"wp","href":"https:\/\/api.w.org\/{rel}","templated":true}]}}